{"id":2109,"date":"2024-05-20T17:10:03","date_gmt":"2024-05-20T17:10:03","guid":{"rendered":"https:\/\/osteo-etiomedecine-33.fr\/index.php\/mon-compte\/"},"modified":"2024-05-20T17:10:03","modified_gmt":"2024-05-20T17:10:03","slug":"mon-compte","status":"publish","type":"page","link":"https:\/\/osteo-etiomedecine-33.fr\/index.php\/mon-compte\/","title":{"rendered":"Mon compte"},"content":{"rendered":"<div class=\"woocommerce\"><\/div>\n","protected":false},"excerpt":{"rendered":"","protected":false},"author":1,"featured_media":0,"parent":0,"menu_order":0,"comment_status":"closed","ping_status":"closed","template":"","meta":{"om_disable_all_campaigns":false,"_monsterinsights_skip_tracking":false,"_monsterinsights_sitenote_active":false,"_monsterinsights_sitenote_note":"","_monsterinsights_sitenote_category":0,"site-sidebar-layout":"default","site-content-layout":"","ast-site-content-layout":"","site-content-style":"default","site-sidebar-style":"default","ast-global-header-display":"","ast-banner-title-visibility":"","ast-main-header-display":"","ast-hfb-above-header-display":"","ast-hfb-below-header-display":"","ast-hfb-mobile-header-display":"","site-post-title":"","ast-breadcrumbs-content":"","ast-featured-img":"","footer-sml-layout":"","theme-transparent-header-meta":"","adv-header-id-meta":"","stick-header-meta":"","header-above-stick-meta":"","header-main-stick-meta":"","header-below-stick-meta":"","astra-migrate-meta-layouts":"","ast-page-background-enabled":"default","ast-page-background-meta":{"desktop":{"background-color":"var(--ast-global-color-4)","background-image":"","background-repeat":"repeat","background-position":"center center","background-size":"auto","background-attachment":"scroll","background-type":"","background-media":"","overlay-type":"","overlay-color":"","overlay-gradient":""},"tablet":{"background-color":"","background-image":"","background-repeat":"repeat","background-position":"center center","background-size":"auto","background-attachment":"scroll","background-type":"","background-media":"","overlay-type":"","overlay-color":"","overlay-gradient":""},"mobile":{"background-color":"","background-image":"","background-repeat":"repeat","background-position":"center center","background-size":"auto","background-attachment":"scroll","background-type":"","background-media":"","overlay-type":"","overlay-color":"","overlay-gradient":""}},"ast-content-background-meta":{"desktop":{"background-color":"var(--ast-global-color-5)","background-image":"","background-repeat":"repeat","background-position":"center center","background-size":"auto","background-attachment":"scroll","background-type":"","background-media":"","overlay-type":"","overlay-color":"","overlay-gradient":""},"tablet":{"background-color":"var(--ast-global-color-5)","background-image":"","background-repeat":"repeat","background-position":"center center","background-size":"auto","background-attachment":"scroll","background-type":"","background-media":"","overlay-type":"","overlay-color":"","overlay-gradient":""},"mobile":{"background-color":"var(--ast-global-color-5)","background-image":"","background-repeat":"repeat","background-position":"center center","background-size":"auto","background-attachment":"scroll","background-type":"","background-media":"","overlay-type":"","overlay-color":"","overlay-gradient":""}},"footnotes":""},"yoast_head":"<!-- This site is optimized with the Yoast SEO plugin v24.5 - https:\/\/yoast.com\/wordpress\/plugins\/seo\/ -->\n<title>Mon compte - Ost\u00e9opathie Etiom\u00e9decine 33 Sophie Chareille<\/title>\n<meta name=\"description\" content=\"&quot;Sophie Chareille&quot; Ost\u00e9opathie Ost\u00e9opathe Etiom\u00e9decine Etiopathie Etiopathe Biganos Gironde &quot;Lac vert&quot;\" \/>\n<meta name=\"robots\" content=\"index, follow, max-snippet:-1, max-image-preview:large, max-video-preview:-1\" \/>\n<link rel=\"canonical\" href=\"https:\/\/osteo-etiomedecine-33.fr\/index.php\/mon-compte\/\" \/>\n<meta property=\"og:locale\" content=\"fr_FR\" \/>\n<meta property=\"og:type\" content=\"article\" \/>\n<meta property=\"og:title\" content=\"Mon compte - Ost\u00e9opathie Etiom\u00e9decine 33 Sophie Chareille\" \/>\n<meta property=\"og:description\" content=\"&quot;Sophie Chareille&quot; Ost\u00e9opathie Ost\u00e9opathe Etiom\u00e9decine Etiopathie Etiopathe Biganos Gironde &quot;Lac vert&quot;\" \/>\n<meta property=\"og:url\" content=\"https:\/\/osteo-etiomedecine-33.fr\/index.php\/mon-compte\/\" \/>\n<meta property=\"og:site_name\" content=\"Ost\u00e9opathie Etiom\u00e9decine 33 Sophie Chareille\" \/>\n<meta property=\"article:publisher\" content=\"https:\/\/www.facebook.com\/profile.php?id=61560084413036&amp;locale=fr_FR\" \/>\n<meta property=\"og:image\" content=\"https:\/\/osteo-etiomedecine-33.fr\/wp-content\/uploads\/2022\/11\/hd-wallpaper-4300222-1-scaled.jpg\" \/>\n\t<meta property=\"og:image:width\" content=\"2560\" \/>\n\t<meta property=\"og:image:height\" content=\"1706\" \/>\n\t<meta property=\"og:image:type\" content=\"image\/jpeg\" \/>\n<meta name=\"twitter:card\" content=\"summary_large_image\" \/>\n<script type=\"application\/ld+json\" class=\"yoast-schema-graph\">{\"@context\":\"https:\/\/schema.org\",\"@graph\":[{\"@type\":\"WebPage\",\"@id\":\"https:\/\/osteo-etiomedecine-33.fr\/index.php\/mon-compte\/\",\"url\":\"https:\/\/osteo-etiomedecine-33.fr\/index.php\/mon-compte\/\",\"name\":\"Mon compte - Ost\u00e9opathie Etiom\u00e9decine 33 Sophie Chareille\",\"isPartOf\":{\"@id\":\"https:\/\/osteo-etiomedecine-33.fr\/#website\"},\"datePublished\":\"2024-05-20T17:10:03+00:00\",\"description\":\"\\\"Sophie Chareille\\\" Ost\u00e9opathie Ost\u00e9opathe Etiom\u00e9decine Etiopathie Etiopathe Biganos Gironde \\\"Lac vert\\\"\",\"breadcrumb\":{\"@id\":\"https:\/\/osteo-etiomedecine-33.fr\/index.php\/mon-compte\/#breadcrumb\"},\"inLanguage\":\"fr-FR\",\"potentialAction\":[{\"@type\":\"ReadAction\",\"target\":[\"https:\/\/osteo-etiomedecine-33.fr\/index.php\/mon-compte\/\"]}]},{\"@type\":\"BreadcrumbList\",\"@id\":\"https:\/\/osteo-etiomedecine-33.fr\/index.php\/mon-compte\/#breadcrumb\",\"itemListElement\":[{\"@type\":\"ListItem\",\"position\":1,\"name\":\"Home\",\"item\":\"https:\/\/osteo-etiomedecine-33.fr\/\"},{\"@type\":\"ListItem\",\"position\":2,\"name\":\"Mon compte\"}]},{\"@type\":\"WebSite\",\"@id\":\"https:\/\/osteo-etiomedecine-33.fr\/#website\",\"url\":\"https:\/\/osteo-etiomedecine-33.fr\/\",\"name\":\"osteo-etiomedecine-33.fr\",\"description\":\"Sophie Chareille ost\u00e9opathie \u00e9tiom\u00e9decine \u00e0 Biganos\",\"publisher\":{\"@id\":\"https:\/\/osteo-etiomedecine-33.fr\/#\/schema\/person\/679ba26336b5a75e572dac773c92558c\"},\"potentialAction\":[{\"@type\":\"SearchAction\",\"target\":{\"@type\":\"EntryPoint\",\"urlTemplate\":\"https:\/\/osteo-etiomedecine-33.fr\/?s={search_term_string}\"},\"query-input\":{\"@type\":\"PropertyValueSpecification\",\"valueRequired\":true,\"valueName\":\"search_term_string\"}}],\"inLanguage\":\"fr-FR\"},{\"@type\":[\"Person\",\"Organization\"],\"@id\":\"https:\/\/osteo-etiomedecine-33.fr\/#\/schema\/person\/679ba26336b5a75e572dac773c92558c\",\"name\":\"sophie.chareille@orange.fr\",\"image\":{\"@type\":\"ImageObject\",\"inLanguage\":\"fr-FR\",\"@id\":\"https:\/\/osteo-etiomedecine-33.fr\/#\/schema\/person\/image\/\",\"url\":\"https:\/\/osteo-etiomedecine-33.fr\/wp-content\/uploads\/2022\/11\/ProfilePictureMaker-1.png\",\"contentUrl\":\"https:\/\/osteo-etiomedecine-33.fr\/wp-content\/uploads\/2022\/11\/ProfilePictureMaker-1.png\",\"width\":1080,\"height\":1080,\"caption\":\"sophie.chareille@orange.fr\"},\"logo\":{\"@id\":\"https:\/\/osteo-etiomedecine-33.fr\/#\/schema\/person\/image\/\"},\"sameAs\":[\"http:\/\/osteo-etiomedecine-33.fr\",\"https:\/\/www.facebook.com\/profile.php?id=61560084413036&locale=fr_FR\"]}]}<\/script>\n<!-- \/ Yoast SEO plugin. -->","yoast_head_json":{"title":"Mon compte - Ost\u00e9opathie Etiom\u00e9decine 33 Sophie Chareille","description":"\"Sophie Chareille\" Ost\u00e9opathie Ost\u00e9opathe Etiom\u00e9decine Etiopathie Etiopathe Biganos Gironde \"Lac vert\"","robots":{"index":"index","follow":"follow","max-snippet":"max-snippet:-1","max-image-preview":"max-image-preview:large","max-video-preview":"max-video-preview:-1"},"canonical":"https:\/\/osteo-etiomedecine-33.fr\/index.php\/mon-compte\/","og_locale":"fr_FR","og_type":"article","og_title":"Mon compte - Ost\u00e9opathie Etiom\u00e9decine 33 Sophie Chareille","og_description":"\"Sophie Chareille\" Ost\u00e9opathie Ost\u00e9opathe Etiom\u00e9decine Etiopathie Etiopathe Biganos Gironde \"Lac vert\"","og_url":"https:\/\/osteo-etiomedecine-33.fr\/index.php\/mon-compte\/","og_site_name":"Ost\u00e9opathie Etiom\u00e9decine 33 Sophie Chareille","article_publisher":"https:\/\/www.facebook.com\/profile.php?id=61560084413036&locale=fr_FR","og_image":[{"width":2560,"height":1706,"url":"https:\/\/osteo-etiomedecine-33.fr\/wp-content\/uploads\/2022\/11\/hd-wallpaper-4300222-1-scaled.jpg","type":"image\/jpeg"}],"twitter_card":"summary_large_image","schema":{"@context":"https:\/\/schema.org","@graph":[{"@type":"WebPage","@id":"https:\/\/osteo-etiomedecine-33.fr\/index.php\/mon-compte\/","url":"https:\/\/osteo-etiomedecine-33.fr\/index.php\/mon-compte\/","name":"Mon compte - Ost\u00e9opathie Etiom\u00e9decine 33 Sophie Chareille","isPartOf":{"@id":"https:\/\/osteo-etiomedecine-33.fr\/#website"},"datePublished":"2024-05-20T17:10:03+00:00","description":"\"Sophie Chareille\" Ost\u00e9opathie Ost\u00e9opathe Etiom\u00e9decine Etiopathie Etiopathe Biganos Gironde \"Lac vert\"","breadcrumb":{"@id":"https:\/\/osteo-etiomedecine-33.fr\/index.php\/mon-compte\/#breadcrumb"},"inLanguage":"fr-FR","potentialAction":[{"@type":"ReadAction","target":["https:\/\/osteo-etiomedecine-33.fr\/index.php\/mon-compte\/"]}]},{"@type":"BreadcrumbList","@id":"https:\/\/osteo-etiomedecine-33.fr\/index.php\/mon-compte\/#breadcrumb","itemListElement":[{"@type":"ListItem","position":1,"name":"Home","item":"https:\/\/osteo-etiomedecine-33.fr\/"},{"@type":"ListItem","position":2,"name":"Mon compte"}]},{"@type":"WebSite","@id":"https:\/\/osteo-etiomedecine-33.fr\/#website","url":"https:\/\/osteo-etiomedecine-33.fr\/","name":"osteo-etiomedecine-33.fr","description":"Sophie Chareille ost\u00e9opathie \u00e9tiom\u00e9decine \u00e0 Biganos","publisher":{"@id":"https:\/\/osteo-etiomedecine-33.fr\/#\/schema\/person\/679ba26336b5a75e572dac773c92558c"},"potentialAction":[{"@type":"SearchAction","target":{"@type":"EntryPoint","urlTemplate":"https:\/\/osteo-etiomedecine-33.fr\/?s={search_term_string}"},"query-input":{"@type":"PropertyValueSpecification","valueRequired":true,"valueName":"search_term_string"}}],"inLanguage":"fr-FR"},{"@type":["Person","Organization"],"@id":"https:\/\/osteo-etiomedecine-33.fr\/#\/schema\/person\/679ba26336b5a75e572dac773c92558c","name":"sophie.chareille@orange.fr","image":{"@type":"ImageObject","inLanguage":"fr-FR","@id":"https:\/\/osteo-etiomedecine-33.fr\/#\/schema\/person\/image\/","url":"https:\/\/osteo-etiomedecine-33.fr\/wp-content\/uploads\/2022\/11\/ProfilePictureMaker-1.png","contentUrl":"https:\/\/osteo-etiomedecine-33.fr\/wp-content\/uploads\/2022\/11\/ProfilePictureMaker-1.png","width":1080,"height":1080,"caption":"sophie.chareille@orange.fr"},"logo":{"@id":"https:\/\/osteo-etiomedecine-33.fr\/#\/schema\/person\/image\/"},"sameAs":["http:\/\/osteo-etiomedecine-33.fr","https:\/\/www.facebook.com\/profile.php?id=61560084413036&locale=fr_FR"]}]}},"_links":{"self":[{"href":"https:\/\/osteo-etiomedecine-33.fr\/index.php\/wp-json\/wp\/v2\/pages\/2109"}],"collection":[{"href":"https:\/\/osteo-etiomedecine-33.fr\/index.php\/wp-json\/wp\/v2\/pages"}],"about":[{"href":"https:\/\/osteo-etiomedecine-33.fr\/index.php\/wp-json\/wp\/v2\/types\/page"}],"author":[{"embeddable":true,"href":"https:\/\/osteo-etiomedecine-33.fr\/index.php\/wp-json\/wp\/v2\/users\/1"}],"replies":[{"embeddable":true,"href":"https:\/\/osteo-etiomedecine-33.fr\/index.php\/wp-json\/wp\/v2\/comments?post=2109"}],"version-history":[{"count":0,"href":"https:\/\/osteo-etiomedecine-33.fr\/index.php\/wp-json\/wp\/v2\/pages\/2109\/revisions"}],"wp:attachment":[{"href":"https:\/\/osteo-etiomedecine-33.fr\/index.php\/wp-json\/wp\/v2\/media?parent=2109"}],"curies":[{"name":"wp","href":"https:\/\/api.w.org\/{rel}","templated":true}]}}