{"id":16,"date":"2021-11-21T15:14:44","date_gmt":"2021-11-21T15:14:44","guid":{"rendered":"http:\/\/osteo-etiomedecine-33.fr\/index.php\/contact\/"},"modified":"2022-11-07T21:23:31","modified_gmt":"2022-11-07T21:23:31","slug":"contact","status":"publish","type":"page","link":"https:\/\/osteo-etiomedecine-33.fr\/index.php\/contact\/","title":{"rendered":"Contact"},"content":{"rendered":"\t\t<div data-elementor-type=\"wp-page\" data-elementor-id=\"16\" class=\"elementor elementor-16\">\n\t\t\t\t\t\t<section class=\"elementor-section elementor-top-section elementor-element elementor-element-6713cc3 elementor-section-height-min-height elementor-section-boxed elementor-section-height-default elementor-section-items-middle\" data-id=\"6713cc3\" data-element_type=\"section\" data-settings=\"{&quot;background_background&quot;:&quot;classic&quot;}\">\n\t\t\t\t\t\t\t<div class=\"elementor-background-overlay\"><\/div>\n\t\t\t\t\t\t\t<div class=\"elementor-container elementor-column-gap-default\">\n\t\t\t\t\t<div class=\"elementor-column elementor-col-100 elementor-top-column elementor-element elementor-element-ddcf7e8\" data-id=\"ddcf7e8\" data-element_type=\"column\">\n\t\t\t<div class=\"elementor-widget-wrap elementor-element-populated\">\n\t\t\t\t\t\t<div class=\"elementor-element elementor-element-9654805 elementor-widget elementor-widget-heading\" data-id=\"9654805\" data-element_type=\"widget\" data-widget_type=\"heading.default\">\n\t\t\t\t<div class=\"elementor-widget-container\">\n\t\t\t\t\t<h1 class=\"elementor-heading-title elementor-size-default\">contact us<\/h1>\t\t\t\t<\/div>\n\t\t\t\t<\/div>\n\t\t\t\t\t<\/div>\n\t\t<\/div>\n\t\t\t\t\t<\/div>\n\t\t<\/section>\n\t\t\t\t<section class=\"elementor-section elementor-top-section elementor-element elementor-element-67f828f elementor-section-boxed elementor-section-height-default elementor-section-height-default\" data-id=\"67f828f\" data-element_type=\"section\" data-settings=\"{&quot;background_background&quot;:&quot;classic&quot;}\">\n\t\t\t\t\t\t<div class=\"elementor-container elementor-column-gap-default\">\n\t\t\t\t\t<div class=\"elementor-column elementor-col-100 elementor-top-column elementor-element elementor-element-c2e76a9\" data-id=\"c2e76a9\" data-element_type=\"column\">\n\t\t\t<div class=\"elementor-widget-wrap elementor-element-populated\">\n\t\t\t\t\t\t<section class=\"elementor-section elementor-inner-section elementor-element elementor-element-59cf71f elementor-reverse-mobile elementor-section-boxed elementor-section-height-default elementor-section-height-default\" data-id=\"59cf71f\" data-element_type=\"section\">\n\t\t\t\t\t\t<div class=\"elementor-container elementor-column-gap-default\">\n\t\t\t\t\t<div class=\"elementor-column elementor-col-50 elementor-inner-column elementor-element elementor-element-fa3a30c\" data-id=\"fa3a30c\" data-element_type=\"column\">\n\t\t\t<div class=\"elementor-widget-wrap elementor-element-populated\">\n\t\t\t\t\t\t<div class=\"elementor-element elementor-element-b29413d elementor-widget elementor-widget-heading\" data-id=\"b29413d\" data-element_type=\"widget\" data-widget_type=\"heading.default\">\n\t\t\t\t<div class=\"elementor-widget-container\">\n\t\t\t\t\t<h4 class=\"elementor-heading-title elementor-size-default\">You can find us at<\/h4>\t\t\t\t<\/div>\n\t\t\t\t<\/div>\n\t\t\t\t<div class=\"elementor-element elementor-element-ce3153c elementor-widget elementor-widget-icon-box\" data-id=\"ce3153c\" data-element_type=\"widget\" data-widget_type=\"icon-box.default\">\n\t\t\t\t<div class=\"elementor-widget-container\">\n\t\t\t\t\t\t\t<div class=\"elementor-icon-box-wrapper\">\n\n\t\t\t\n\t\t\t\t\t\t<div class=\"elementor-icon-box-content\">\n\n\t\t\t\t\t\t\t\t\t<h6 class=\"elementor-icon-box-title\">\n\t\t\t\t\t\t<span  >\n\t\t\t\t\t\t\tEMAIL\t\t\t\t\t\t<\/span>\n\t\t\t\t\t<\/h6>\n\t\t\t\t\n\t\t\t\t\t\t\t\t\t<p class=\"elementor-icon-box-description\">\n\t\t\t\t\t\thello@tyler.com\t\t\t\t\t<\/p>\n\t\t\t\t\n\t\t\t<\/div>\n\t\t\t\n\t\t<\/div>\n\t\t\t\t\t\t<\/div>\n\t\t\t\t<\/div>\n\t\t\t\t<div class=\"elementor-element elementor-element-9b19864 elementor-widget elementor-widget-icon-box\" data-id=\"9b19864\" data-element_type=\"widget\" data-widget_type=\"icon-box.default\">\n\t\t\t\t<div class=\"elementor-widget-container\">\n\t\t\t\t\t\t\t<div class=\"elementor-icon-box-wrapper\">\n\n\t\t\t\n\t\t\t\t\t\t<div class=\"elementor-icon-box-content\">\n\n\t\t\t\t\t\t\t\t\t<h6 class=\"elementor-icon-box-title\">\n\t\t\t\t\t\t<span  >\n\t\t\t\t\t\t\tPHONE NUMBER\t\t\t\t\t\t<\/span>\n\t\t\t\t\t<\/h6>\n\t\t\t\t\n\t\t\t\t\t\t\t\t\t<p class=\"elementor-icon-box-description\">\n\t\t\t\t\t\t202-555-0188\t\t\t\t\t<\/p>\n\t\t\t\t\n\t\t\t<\/div>\n\t\t\t\n\t\t<\/div>\n\t\t\t\t\t\t<\/div>\n\t\t\t\t<\/div>\n\t\t\t\t<div class=\"elementor-element elementor-element-1184dd7 elementor-widget elementor-widget-icon-box\" data-id=\"1184dd7\" data-element_type=\"widget\" data-widget_type=\"icon-box.default\">\n\t\t\t\t<div class=\"elementor-widget-container\">\n\t\t\t\t\t\t\t<div class=\"elementor-icon-box-wrapper\">\n\n\t\t\t\n\t\t\t\t\t\t<div class=\"elementor-icon-box-content\">\n\n\t\t\t\t\t\t\t\t\t<h6 class=\"elementor-icon-box-title\">\n\t\t\t\t\t\t<span  >\n\t\t\t\t\t\t\tLOCATION\t\t\t\t\t\t<\/span>\n\t\t\t\t\t<\/h6>\n\t\t\t\t\n\t\t\t\t\t\t\t\t\t<p class=\"elementor-icon-box-description\">\n\t\t\t\t\t\t2360 Hood Avenue, San Diego, CA, 92123\t\t\t\t\t<\/p>\n\t\t\t\t\n\t\t\t<\/div>\n\t\t\t\n\t\t<\/div>\n\t\t\t\t\t\t<\/div>\n\t\t\t\t<\/div>\n\t\t\t\t<div class=\"elementor-element elementor-element-c7d043c elementor-shape-circle e-grid-align-left e-grid-align-mobile-center elementor-grid-0 elementor-widget elementor-widget-social-icons\" data-id=\"c7d043c\" data-element_type=\"widget\" data-widget_type=\"social-icons.default\">\n\t\t\t\t<div class=\"elementor-widget-container\">\n\t\t\t\t\t\t\t<div class=\"elementor-social-icons-wrapper elementor-grid\" role=\"list\">\n\t\t\t\t\t\t\t<span class=\"elementor-grid-item\" role=\"listitem\">\n\t\t\t\t\t<a class=\"elementor-icon elementor-social-icon elementor-social-icon-twitter elementor-repeater-item-bc2758c\" href=\"#\">\n\t\t\t\t\t\t<span class=\"elementor-screen-only\">Twitter<\/span>\n\t\t\t\t\t\t<i class=\"fab fa-twitter\"><\/i>\t\t\t\t\t<\/a>\n\t\t\t\t<\/span>\n\t\t\t\t\t\t\t<span class=\"elementor-grid-item\" role=\"listitem\">\n\t\t\t\t\t<a class=\"elementor-icon elementor-social-icon elementor-social-icon-instagram elementor-repeater-item-67346b3\" href=\"#\">\n\t\t\t\t\t\t<span class=\"elementor-screen-only\">Instagram<\/span>\n\t\t\t\t\t\t<i class=\"fab fa-instagram\"><\/i>\t\t\t\t\t<\/a>\n\t\t\t\t<\/span>\n\t\t\t\t\t\t\t<span class=\"elementor-grid-item\" role=\"listitem\">\n\t\t\t\t\t<a class=\"elementor-icon elementor-social-icon elementor-social-icon-youtube elementor-repeater-item-1e1c559\" href=\"#\">\n\t\t\t\t\t\t<span class=\"elementor-screen-only\">Youtube<\/span>\n\t\t\t\t\t\t<i class=\"fab fa-youtube\"><\/i>\t\t\t\t\t<\/a>\n\t\t\t\t<\/span>\n\t\t\t\t\t<\/div>\n\t\t\t\t\t\t<\/div>\n\t\t\t\t<\/div>\n\t\t\t\t\t<\/div>\n\t\t<\/div>\n\t\t\t\t<div class=\"elementor-column elementor-col-50 elementor-inner-column elementor-element elementor-element-a389ae0\" data-id=\"a389ae0\" data-element_type=\"column\">\n\t\t\t<div class=\"elementor-widget-wrap elementor-element-populated\">\n\t\t\t\t\t\t<div class=\"elementor-element elementor-element-1506722 elementor-widget elementor-widget-heading\" data-id=\"1506722\" data-element_type=\"widget\" data-widget_type=\"heading.default\">\n\t\t\t\t<div class=\"elementor-widget-container\">\n\t\t\t\t\t<h4 class=\"elementor-heading-title elementor-size-default\">Let's get in touch<\/h4>\t\t\t\t<\/div>\n\t\t\t\t<\/div>\n\t\t\t\t<div class=\"elementor-element elementor-element-daf237d elementor-widget elementor-widget-shortcode\" data-id=\"daf237d\" data-element_type=\"widget\" data-widget_type=\"shortcode.default\">\n\t\t\t\t<div class=\"elementor-widget-container\">\n\t\t\t\t\t\t\t<div class=\"elementor-shortcode\">[wpforms id=\"5\"]<\/div>\n\t\t\t\t\t\t<\/div>\n\t\t\t\t<\/div>\n\t\t\t\t\t<\/div>\n\t\t<\/div>\n\t\t\t\t\t<\/div>\n\t\t<\/section>\n\t\t\t\t\t<\/div>\n\t\t<\/div>\n\t\t\t\t\t<\/div>\n\t\t<\/section>\n\t\t\t\t<section class=\"elementor-section elementor-top-section elementor-element elementor-element-3d17eea elementor-section-boxed elementor-section-height-default elementor-section-height-default\" data-id=\"3d17eea\" data-element_type=\"section\" data-settings=\"{&quot;background_background&quot;:&quot;classic&quot;}\">\n\t\t\t\t\t\t<div class=\"elementor-container elementor-column-gap-default\">\n\t\t\t\t\t<div class=\"elementor-column elementor-col-100 elementor-top-column elementor-element elementor-element-daba57a\" data-id=\"daba57a\" data-element_type=\"column\">\n\t\t\t<div class=\"elementor-widget-wrap elementor-element-populated\">\n\t\t\t\t\t\t<div class=\"elementor-element elementor-element-93a1b2e elementor-widget elementor-widget-heading\" data-id=\"93a1b2e\" data-element_type=\"widget\" data-widget_type=\"heading.default\">\n\t\t\t\t<div class=\"elementor-widget-container\">\n\t\t\t\t\t<h4 class=\"elementor-heading-title elementor-size-default\">We are optimists who love to work together<\/h4>\t\t\t\t<\/div>\n\t\t\t\t<\/div>\n\t\t\t\t<section class=\"elementor-section elementor-inner-section elementor-element elementor-element-cfadfcf elementor-section-boxed elementor-section-height-default elementor-section-height-default\" data-id=\"cfadfcf\" data-element_type=\"section\">\n\t\t\t\t\t\t<div class=\"elementor-container elementor-column-gap-default\">\n\t\t\t\t\t<div class=\"elementor-column elementor-col-25 elementor-inner-column elementor-element elementor-element-af6752f\" data-id=\"af6752f\" data-element_type=\"column\">\n\t\t\t<div class=\"elementor-widget-wrap elementor-element-populated\">\n\t\t\t\t\t\t<div class=\"elementor-element elementor-element-29cfd01 elementor-widget elementor-widget-image\" data-id=\"29cfd01\" data-element_type=\"widget\" data-widget_type=\"image.default\">\n\t\t\t\t<div class=\"elementor-widget-container\">\n\t\t\t\t\t\t\t\t\t\t\t\t\t\t\t<img fetchpriority=\"high\" decoding=\"async\" width=\"285\" height=\"280\" src=\"https:\/\/osteo-etiomedecine-33.fr\/wp-content\/uploads\/2021\/11\/avatar_1.jpg\" class=\"attachment-full size-full wp-image-535\" alt=\"\" \/>\t\t\t\t\t\t\t\t\t\t\t\t\t\t\t<\/div>\n\t\t\t\t<\/div>\n\t\t\t\t\t<\/div>\n\t\t<\/div>\n\t\t\t\t<div class=\"elementor-column elementor-col-25 elementor-inner-column elementor-element elementor-element-8e44308\" data-id=\"8e44308\" data-element_type=\"column\">\n\t\t\t<div class=\"elementor-widget-wrap elementor-element-populated\">\n\t\t\t\t\t\t<div class=\"elementor-element elementor-element-fcb7302 elementor-widget elementor-widget-image\" data-id=\"fcb7302\" data-element_type=\"widget\" data-widget_type=\"image.default\">\n\t\t\t\t<div class=\"elementor-widget-container\">\n\t\t\t\t\t\t\t\t\t\t\t\t\t\t\t<img decoding=\"async\" width=\"285\" height=\"280\" src=\"https:\/\/osteo-etiomedecine-33.fr\/wp-content\/uploads\/2021\/11\/avatar_2.jpg\" class=\"attachment-full size-full wp-image-536\" alt=\"\" \/>\t\t\t\t\t\t\t\t\t\t\t\t\t\t\t<\/div>\n\t\t\t\t<\/div>\n\t\t\t\t\t<\/div>\n\t\t<\/div>\n\t\t\t\t<div class=\"elementor-column elementor-col-25 elementor-inner-column elementor-element elementor-element-aa524ec\" data-id=\"aa524ec\" data-element_type=\"column\">\n\t\t\t<div class=\"elementor-widget-wrap elementor-element-populated\">\n\t\t\t\t\t\t<div class=\"elementor-element elementor-element-e49dfe4 elementor-widget elementor-widget-image\" data-id=\"e49dfe4\" data-element_type=\"widget\" data-widget_type=\"image.default\">\n\t\t\t\t<div class=\"elementor-widget-container\">\n\t\t\t\t\t\t\t\t\t\t\t\t\t\t\t<img decoding=\"async\" width=\"285\" height=\"280\" src=\"https:\/\/osteo-etiomedecine-33.fr\/wp-content\/uploads\/2021\/11\/avatar_3.jpg\" class=\"attachment-full size-full wp-image-537\" alt=\"\" \/>\t\t\t\t\t\t\t\t\t\t\t\t\t\t\t<\/div>\n\t\t\t\t<\/div>\n\t\t\t\t\t<\/div>\n\t\t<\/div>\n\t\t\t\t<div class=\"elementor-column elementor-col-25 elementor-inner-column elementor-element elementor-element-6435a09\" data-id=\"6435a09\" data-element_type=\"column\">\n\t\t\t<div class=\"elementor-widget-wrap elementor-element-populated\">\n\t\t\t\t\t\t<div class=\"elementor-element elementor-element-bc7432f elementor-widget elementor-widget-image\" data-id=\"bc7432f\" data-element_type=\"widget\" data-widget_type=\"image.default\">\n\t\t\t\t<div class=\"elementor-widget-container\">\n\t\t\t\t\t\t\t\t\t\t\t\t\t\t\t<img loading=\"lazy\" decoding=\"async\" width=\"285\" height=\"280\" src=\"https:\/\/osteo-etiomedecine-33.fr\/wp-content\/uploads\/2021\/11\/avatar_4.jpg\" class=\"attachment-full size-full wp-image-538\" alt=\"\" \/>\t\t\t\t\t\t\t\t\t\t\t\t\t\t\t<\/div>\n\t\t\t\t<\/div>\n\t\t\t\t\t<\/div>\n\t\t<\/div>\n\t\t\t\t\t<\/div>\n\t\t<\/section>\n\t\t\t\t\t<\/div>\n\t\t<\/div>\n\t\t\t\t\t<\/div>\n\t\t<\/section>\n\t\t\t\t<\/div>\n\t\t","protected":false},"excerpt":{"rendered":"","protected":false},"author":0,"featured_media":0,"parent":0,"menu_order":0,"comment_status":"closed","ping_status":"closed","template":"","meta":{"om_disable_all_campaigns":false,"_monsterinsights_skip_tracking":false,"_monsterinsights_sitenote_active":false,"_monsterinsights_sitenote_note":"","_monsterinsights_sitenote_category":0,"site-sidebar-layout":"no-sidebar","site-content-layout":"page-builder","ast-site-content-layout":"","site-content-style":"default","site-sidebar-style":"default","ast-global-header-display":"","ast-banner-title-visibility":"","ast-main-header-display":"","ast-hfb-above-header-display":"","ast-hfb-below-header-display":"","ast-hfb-mobile-header-display":"","site-post-title":"disabled","ast-breadcrumbs-content":"","ast-featured-img":"disabled","footer-sml-layout":"","theme-transparent-header-meta":"enabled","adv-header-id-meta":"","stick-header-meta":"","header-above-stick-meta":"","header-main-stick-meta":"","header-below-stick-meta":"","astra-migrate-meta-layouts":"","ast-page-background-enabled":"default","ast-page-background-meta":{"desktop":{"background-color":"var(--ast-global-color-4)","background-image":"","background-repeat":"repeat","background-position":"center center","background-size":"auto","background-attachment":"scroll","background-type":"","background-media":"","overlay-type":"","overlay-color":"","overlay-gradient":""},"tablet":{"background-color":"","background-image":"","background-repeat":"repeat","background-position":"center center","background-size":"auto","background-attachment":"scroll","background-type":"","background-media":"","overlay-type":"","overlay-color":"","overlay-gradient":""},"mobile":{"background-color":"","background-image":"","background-repeat":"repeat","background-position":"center center","background-size":"auto","background-attachment":"scroll","background-type":"","background-media":"","overlay-type":"","overlay-color":"","overlay-gradient":""}},"ast-content-background-meta":{"desktop":{"background-color":"var(--ast-global-color-5)","background-image":"","background-repeat":"repeat","background-position":"center center","background-size":"auto","background-attachment":"scroll","background-type":"","background-media":"","overlay-type":"","overlay-color":"","overlay-gradient":""},"tablet":{"background-color":"var(--ast-global-color-5)","background-image":"","background-repeat":"repeat","background-position":"center center","background-size":"auto","background-attachment":"scroll","background-type":"","background-media":"","overlay-type":"","overlay-color":"","overlay-gradient":""},"mobile":{"background-color":"var(--ast-global-color-5)","background-image":"","background-repeat":"repeat","background-position":"center center","background-size":"auto","background-attachment":"scroll","background-type":"","background-media":"","overlay-type":"","overlay-color":"","overlay-gradient":""}},"footnotes":""},"yoast_head":"<!-- This site is optimized with the Yoast SEO plugin v24.5 - https:\/\/yoast.com\/wordpress\/plugins\/seo\/ -->\n<title>Contact - Ost\u00e9opathie Etiom\u00e9decine 33 Sophie Chareille<\/title>\n<meta name=\"description\" content=\"&quot;Sophie Chareille&quot; Ost\u00e9opathie Ost\u00e9opathe Etiom\u00e9decine Etiopathie Etiopathe Biganos Gironde &quot;Lac vert&quot;\" \/>\n<meta name=\"robots\" content=\"index, follow, max-snippet:-1, max-image-preview:large, max-video-preview:-1\" \/>\n<link rel=\"canonical\" href=\"https:\/\/osteo-etiomedecine-33.fr\/index.php\/contact\/\" \/>\n<meta property=\"og:locale\" content=\"fr_FR\" \/>\n<meta property=\"og:type\" content=\"article\" \/>\n<meta property=\"og:title\" content=\"Contact - Ost\u00e9opathie Etiom\u00e9decine 33 Sophie Chareille\" \/>\n<meta property=\"og:description\" content=\"&quot;Sophie Chareille&quot; Ost\u00e9opathie Ost\u00e9opathe Etiom\u00e9decine Etiopathie Etiopathe Biganos Gironde &quot;Lac vert&quot;\" \/>\n<meta property=\"og:url\" content=\"https:\/\/osteo-etiomedecine-33.fr\/index.php\/contact\/\" \/>\n<meta property=\"og:site_name\" content=\"Ost\u00e9opathie Etiom\u00e9decine 33 Sophie Chareille\" \/>\n<meta property=\"article:publisher\" content=\"https:\/\/www.facebook.com\/profile.php?id=61560084413036&amp;locale=fr_FR\" \/>\n<meta property=\"article:modified_time\" content=\"2022-11-07T21:23:31+00:00\" \/>\n<meta property=\"og:image\" content=\"https:\/\/osteo-etiomedecine-33.fr\/wp-content\/uploads\/2022\/11\/hd-wallpaper-4300222-1-scaled.jpg\" \/>\n\t<meta property=\"og:image:width\" content=\"2560\" \/>\n\t<meta property=\"og:image:height\" content=\"1706\" \/>\n\t<meta property=\"og:image:type\" content=\"image\/jpeg\" \/>\n<meta name=\"twitter:card\" content=\"summary_large_image\" \/>\n<meta name=\"twitter:label1\" content=\"Dur\u00e9e de lecture estim\u00e9e\" \/>\n\t<meta name=\"twitter:data1\" content=\"2 minutes\" \/>\n<script type=\"application\/ld+json\" class=\"yoast-schema-graph\">{\"@context\":\"https:\/\/schema.org\",\"@graph\":[{\"@type\":\"WebPage\",\"@id\":\"https:\/\/osteo-etiomedecine-33.fr\/index.php\/contact\/\",\"url\":\"https:\/\/osteo-etiomedecine-33.fr\/index.php\/contact\/\",\"name\":\"Contact - Ost\u00e9opathie Etiom\u00e9decine 33 Sophie Chareille\",\"isPartOf\":{\"@id\":\"https:\/\/osteo-etiomedecine-33.fr\/#website\"},\"datePublished\":\"2021-11-21T15:14:44+00:00\",\"dateModified\":\"2022-11-07T21:23:31+00:00\",\"description\":\"\\\"Sophie Chareille\\\" Ost\u00e9opathie Ost\u00e9opathe Etiom\u00e9decine Etiopathie Etiopathe Biganos Gironde \\\"Lac vert\\\"\",\"breadcrumb\":{\"@id\":\"https:\/\/osteo-etiomedecine-33.fr\/index.php\/contact\/#breadcrumb\"},\"inLanguage\":\"fr-FR\",\"potentialAction\":[{\"@type\":\"ReadAction\",\"target\":[\"https:\/\/osteo-etiomedecine-33.fr\/index.php\/contact\/\"]}]},{\"@type\":\"BreadcrumbList\",\"@id\":\"https:\/\/osteo-etiomedecine-33.fr\/index.php\/contact\/#breadcrumb\",\"itemListElement\":[{\"@type\":\"ListItem\",\"position\":1,\"name\":\"Home\",\"item\":\"https:\/\/osteo-etiomedecine-33.fr\/\"},{\"@type\":\"ListItem\",\"position\":2,\"name\":\"Contact\"}]},{\"@type\":\"WebSite\",\"@id\":\"https:\/\/osteo-etiomedecine-33.fr\/#website\",\"url\":\"https:\/\/osteo-etiomedecine-33.fr\/\",\"name\":\"osteo-etiomedecine-33.fr\",\"description\":\"Sophie Chareille ost\u00e9opathie \u00e9tiom\u00e9decine \u00e0 Biganos\",\"publisher\":{\"@id\":\"https:\/\/osteo-etiomedecine-33.fr\/#\/schema\/person\/679ba26336b5a75e572dac773c92558c\"},\"potentialAction\":[{\"@type\":\"SearchAction\",\"target\":{\"@type\":\"EntryPoint\",\"urlTemplate\":\"https:\/\/osteo-etiomedecine-33.fr\/?s={search_term_string}\"},\"query-input\":{\"@type\":\"PropertyValueSpecification\",\"valueRequired\":true,\"valueName\":\"search_term_string\"}}],\"inLanguage\":\"fr-FR\"},{\"@type\":[\"Person\",\"Organization\"],\"@id\":\"https:\/\/osteo-etiomedecine-33.fr\/#\/schema\/person\/679ba26336b5a75e572dac773c92558c\",\"name\":\"sophie.chareille@orange.fr\",\"image\":{\"@type\":\"ImageObject\",\"inLanguage\":\"fr-FR\",\"@id\":\"https:\/\/osteo-etiomedecine-33.fr\/#\/schema\/person\/image\/\",\"url\":\"https:\/\/osteo-etiomedecine-33.fr\/wp-content\/uploads\/2022\/11\/ProfilePictureMaker-1.png\",\"contentUrl\":\"https:\/\/osteo-etiomedecine-33.fr\/wp-content\/uploads\/2022\/11\/ProfilePictureMaker-1.png\",\"width\":1080,\"height\":1080,\"caption\":\"sophie.chareille@orange.fr\"},\"logo\":{\"@id\":\"https:\/\/osteo-etiomedecine-33.fr\/#\/schema\/person\/image\/\"},\"sameAs\":[\"http:\/\/osteo-etiomedecine-33.fr\",\"https:\/\/www.facebook.com\/profile.php?id=61560084413036&locale=fr_FR\"]}]}<\/script>\n<!-- \/ Yoast SEO plugin. -->","yoast_head_json":{"title":"Contact - Ost\u00e9opathie Etiom\u00e9decine 33 Sophie Chareille","description":"\"Sophie Chareille\" Ost\u00e9opathie Ost\u00e9opathe Etiom\u00e9decine Etiopathie Etiopathe Biganos Gironde \"Lac vert\"","robots":{"index":"index","follow":"follow","max-snippet":"max-snippet:-1","max-image-preview":"max-image-preview:large","max-video-preview":"max-video-preview:-1"},"canonical":"https:\/\/osteo-etiomedecine-33.fr\/index.php\/contact\/","og_locale":"fr_FR","og_type":"article","og_title":"Contact - Ost\u00e9opathie Etiom\u00e9decine 33 Sophie Chareille","og_description":"\"Sophie Chareille\" Ost\u00e9opathie Ost\u00e9opathe Etiom\u00e9decine Etiopathie Etiopathe Biganos Gironde \"Lac vert\"","og_url":"https:\/\/osteo-etiomedecine-33.fr\/index.php\/contact\/","og_site_name":"Ost\u00e9opathie Etiom\u00e9decine 33 Sophie Chareille","article_publisher":"https:\/\/www.facebook.com\/profile.php?id=61560084413036&locale=fr_FR","article_modified_time":"2022-11-07T21:23:31+00:00","og_image":[{"width":2560,"height":1706,"url":"https:\/\/osteo-etiomedecine-33.fr\/wp-content\/uploads\/2022\/11\/hd-wallpaper-4300222-1-scaled.jpg","type":"image\/jpeg"}],"twitter_card":"summary_large_image","twitter_misc":{"Dur\u00e9e de lecture estim\u00e9e":"2 minutes"},"schema":{"@context":"https:\/\/schema.org","@graph":[{"@type":"WebPage","@id":"https:\/\/osteo-etiomedecine-33.fr\/index.php\/contact\/","url":"https:\/\/osteo-etiomedecine-33.fr\/index.php\/contact\/","name":"Contact - Ost\u00e9opathie Etiom\u00e9decine 33 Sophie Chareille","isPartOf":{"@id":"https:\/\/osteo-etiomedecine-33.fr\/#website"},"datePublished":"2021-11-21T15:14:44+00:00","dateModified":"2022-11-07T21:23:31+00:00","description":"\"Sophie Chareille\" Ost\u00e9opathie Ost\u00e9opathe Etiom\u00e9decine Etiopathie Etiopathe Biganos Gironde \"Lac vert\"","breadcrumb":{"@id":"https:\/\/osteo-etiomedecine-33.fr\/index.php\/contact\/#breadcrumb"},"inLanguage":"fr-FR","potentialAction":[{"@type":"ReadAction","target":["https:\/\/osteo-etiomedecine-33.fr\/index.php\/contact\/"]}]},{"@type":"BreadcrumbList","@id":"https:\/\/osteo-etiomedecine-33.fr\/index.php\/contact\/#breadcrumb","itemListElement":[{"@type":"ListItem","position":1,"name":"Home","item":"https:\/\/osteo-etiomedecine-33.fr\/"},{"@type":"ListItem","position":2,"name":"Contact"}]},{"@type":"WebSite","@id":"https:\/\/osteo-etiomedecine-33.fr\/#website","url":"https:\/\/osteo-etiomedecine-33.fr\/","name":"osteo-etiomedecine-33.fr","description":"Sophie Chareille ost\u00e9opathie \u00e9tiom\u00e9decine \u00e0 Biganos","publisher":{"@id":"https:\/\/osteo-etiomedecine-33.fr\/#\/schema\/person\/679ba26336b5a75e572dac773c92558c"},"potentialAction":[{"@type":"SearchAction","target":{"@type":"EntryPoint","urlTemplate":"https:\/\/osteo-etiomedecine-33.fr\/?s={search_term_string}"},"query-input":{"@type":"PropertyValueSpecification","valueRequired":true,"valueName":"search_term_string"}}],"inLanguage":"fr-FR"},{"@type":["Person","Organization"],"@id":"https:\/\/osteo-etiomedecine-33.fr\/#\/schema\/person\/679ba26336b5a75e572dac773c92558c","name":"sophie.chareille@orange.fr","image":{"@type":"ImageObject","inLanguage":"fr-FR","@id":"https:\/\/osteo-etiomedecine-33.fr\/#\/schema\/person\/image\/","url":"https:\/\/osteo-etiomedecine-33.fr\/wp-content\/uploads\/2022\/11\/ProfilePictureMaker-1.png","contentUrl":"https:\/\/osteo-etiomedecine-33.fr\/wp-content\/uploads\/2022\/11\/ProfilePictureMaker-1.png","width":1080,"height":1080,"caption":"sophie.chareille@orange.fr"},"logo":{"@id":"https:\/\/osteo-etiomedecine-33.fr\/#\/schema\/person\/image\/"},"sameAs":["http:\/\/osteo-etiomedecine-33.fr","https:\/\/www.facebook.com\/profile.php?id=61560084413036&locale=fr_FR"]}]}},"_links":{"self":[{"href":"https:\/\/osteo-etiomedecine-33.fr\/index.php\/wp-json\/wp\/v2\/pages\/16"}],"collection":[{"href":"https:\/\/osteo-etiomedecine-33.fr\/index.php\/wp-json\/wp\/v2\/pages"}],"about":[{"href":"https:\/\/osteo-etiomedecine-33.fr\/index.php\/wp-json\/wp\/v2\/types\/page"}],"replies":[{"embeddable":true,"href":"https:\/\/osteo-etiomedecine-33.fr\/index.php\/wp-json\/wp\/v2\/comments?post=16"}],"version-history":[{"count":1,"href":"https:\/\/osteo-etiomedecine-33.fr\/index.php\/wp-json\/wp\/v2\/pages\/16\/revisions"}],"predecessor-version":[{"id":1320,"href":"https:\/\/osteo-etiomedecine-33.fr\/index.php\/wp-json\/wp\/v2\/pages\/16\/revisions\/1320"}],"wp:attachment":[{"href":"https:\/\/osteo-etiomedecine-33.fr\/index.php\/wp-json\/wp\/v2\/media?parent=16"}],"curies":[{"name":"wp","href":"https:\/\/api.w.org\/{rel}","templated":true}]}}