{"id":14,"date":"2021-11-21T15:14:19","date_gmt":"2021-11-21T15:14:19","guid":{"rendered":"http:\/\/osteo-etiomedecine-33.fr\/index.php\/about\/"},"modified":"2022-11-07T21:23:31","modified_gmt":"2022-11-07T21:23:31","slug":"about","status":"publish","type":"page","link":"https:\/\/osteo-etiomedecine-33.fr\/index.php\/about\/","title":{"rendered":"About"},"content":{"rendered":"\t\t<div data-elementor-type=\"wp-page\" data-elementor-id=\"14\" class=\"elementor elementor-14\">\n\t\t\t\t\t\t<section class=\"elementor-section elementor-top-section elementor-element elementor-element-c8ddeb6 elementor-section-height-min-height elementor-section-boxed elementor-section-height-default elementor-section-items-middle\" data-id=\"c8ddeb6\" data-element_type=\"section\" data-settings=\"{&quot;background_background&quot;:&quot;classic&quot;}\">\n\t\t\t\t\t\t\t<div class=\"elementor-background-overlay\"><\/div>\n\t\t\t\t\t\t\t<div class=\"elementor-container elementor-column-gap-default\">\n\t\t\t\t\t<div class=\"elementor-column elementor-col-100 elementor-top-column elementor-element elementor-element-6a5337e\" data-id=\"6a5337e\" data-element_type=\"column\">\n\t\t\t<div class=\"elementor-widget-wrap elementor-element-populated\">\n\t\t\t\t\t\t<div class=\"elementor-element elementor-element-feefb6c elementor-widget elementor-widget-heading\" data-id=\"feefb6c\" data-element_type=\"widget\" data-widget_type=\"heading.default\">\n\t\t\t\t<div class=\"elementor-widget-container\">\n\t\t\t\t\t<h1 class=\"elementor-heading-title elementor-size-default\">about us<\/h1>\t\t\t\t<\/div>\n\t\t\t\t<\/div>\n\t\t\t\t\t<\/div>\n\t\t<\/div>\n\t\t\t\t\t<\/div>\n\t\t<\/section>\n\t\t\t\t<section class=\"elementor-section elementor-top-section elementor-element elementor-element-034f786 elementor-section-boxed elementor-section-height-default elementor-section-height-default\" data-id=\"034f786\" data-element_type=\"section\">\n\t\t\t\t\t\t<div class=\"elementor-container elementor-column-gap-default\">\n\t\t\t\t\t<div class=\"elementor-column elementor-col-100 elementor-top-column elementor-element elementor-element-ba0c118\" data-id=\"ba0c118\" data-element_type=\"column\">\n\t\t\t<div class=\"elementor-widget-wrap elementor-element-populated\">\n\t\t\t\t\t\t<div class=\"elementor-element elementor-element-3dc998b elementor-widget elementor-widget-heading\" data-id=\"3dc998b\" data-element_type=\"widget\" data-widget_type=\"heading.default\">\n\t\t\t\t<div class=\"elementor-widget-container\">\n\t\t\t\t\t<h4 class=\"elementor-heading-title elementor-size-default\">We\u2019re a highly collaborative and supportive team, coming together on every project to ensure our clients get the very best result.<\/h4>\t\t\t\t<\/div>\n\t\t\t\t<\/div>\n\t\t\t\t<div class=\"elementor-element elementor-element-9fdb291 elementor-widget elementor-widget-image\" data-id=\"9fdb291\" data-element_type=\"widget\" data-widget_type=\"image.default\">\n\t\t\t\t<div class=\"elementor-widget-container\">\n\t\t\t\t\t\t\t\t\t\t\t\t\t\t\t<img fetchpriority=\"high\" decoding=\"async\" width=\"1170\" height=\"600\" src=\"https:\/\/osteo-etiomedecine-33.fr\/wp-content\/uploads\/2021\/11\/contact-hero.jpg\" class=\"attachment-full size-full wp-image-432\" alt=\"\" srcset=\"https:\/\/osteo-etiomedecine-33.fr\/wp-content\/uploads\/2021\/11\/contact-hero.jpg 1170w, https:\/\/osteo-etiomedecine-33.fr\/wp-content\/uploads\/2021\/11\/contact-hero-300x154.jpg 300w, https:\/\/osteo-etiomedecine-33.fr\/wp-content\/uploads\/2021\/11\/contact-hero-1024x525.jpg 1024w, https:\/\/osteo-etiomedecine-33.fr\/wp-content\/uploads\/2021\/11\/contact-hero-768x394.jpg 768w\" sizes=\"(max-width: 1170px) 100vw, 1170px\" \/>\t\t\t\t\t\t\t\t\t\t\t\t\t\t\t<\/div>\n\t\t\t\t<\/div>\n\t\t\t\t<section class=\"elementor-section elementor-inner-section elementor-element elementor-element-d762106 elementor-section-boxed elementor-section-height-default elementor-section-height-default\" data-id=\"d762106\" data-element_type=\"section\">\n\t\t\t\t\t\t<div class=\"elementor-container elementor-column-gap-default\">\n\t\t\t\t\t<div class=\"elementor-column elementor-col-50 elementor-inner-column elementor-element elementor-element-08ec54c\" data-id=\"08ec54c\" data-element_type=\"column\">\n\t\t\t<div class=\"elementor-widget-wrap elementor-element-populated\">\n\t\t\t\t\t\t<div class=\"elementor-element elementor-element-d35be41 elementor-widget elementor-widget-heading\" data-id=\"d35be41\" data-element_type=\"widget\" data-widget_type=\"heading.default\">\n\t\t\t\t<div class=\"elementor-widget-container\">\n\t\t\t\t\t<h3 class=\"elementor-heading-title elementor-size-default\">Our Mission<\/h3>\t\t\t\t<\/div>\n\t\t\t\t<\/div>\n\t\t\t\t<div class=\"elementor-element elementor-element-8fa3d11 elementor-widget elementor-widget-text-editor\" data-id=\"8fa3d11\" data-element_type=\"widget\" data-widget_type=\"text-editor.default\">\n\t\t\t\t<div class=\"elementor-widget-container\">\n\t\t\t\t\t\t\t\t\t<p>Build the best product that creates the most value for our customers, use business to inspire and implement environmentally friendly solutions.<\/p>\t\t\t\t\t\t\t\t<\/div>\n\t\t\t\t<\/div>\n\t\t\t\t\t<\/div>\n\t\t<\/div>\n\t\t\t\t<div class=\"elementor-column elementor-col-50 elementor-inner-column elementor-element elementor-element-d30d7a1\" data-id=\"d30d7a1\" data-element_type=\"column\">\n\t\t\t<div class=\"elementor-widget-wrap elementor-element-populated\">\n\t\t\t\t\t\t<div class=\"elementor-element elementor-element-6260bc9 elementor-widget elementor-widget-heading\" data-id=\"6260bc9\" data-element_type=\"widget\" data-widget_type=\"heading.default\">\n\t\t\t\t<div class=\"elementor-widget-container\">\n\t\t\t\t\t<h3 class=\"elementor-heading-title elementor-size-default\">Our Values<\/h3>\t\t\t\t<\/div>\n\t\t\t\t<\/div>\n\t\t\t\t<div class=\"elementor-element elementor-element-3a99000 elementor-widget elementor-widget-text-editor\" data-id=\"3a99000\" data-element_type=\"widget\" data-widget_type=\"text-editor.default\">\n\t\t\t\t<div class=\"elementor-widget-container\">\n\t\t\t\t\t\t\t\t\t<p>We strive to go above and beyond for our clients no matter the challenge. We aim to deliver our very best work every single day across our services.<\/p>\t\t\t\t\t\t\t\t<\/div>\n\t\t\t\t<\/div>\n\t\t\t\t\t<\/div>\n\t\t<\/div>\n\t\t\t\t\t<\/div>\n\t\t<\/section>\n\t\t\t\t\t<\/div>\n\t\t<\/div>\n\t\t\t\t\t<\/div>\n\t\t<\/section>\n\t\t\t\t<section class=\"elementor-section elementor-top-section elementor-element elementor-element-e889fc3 elementor-section-boxed elementor-section-height-default elementor-section-height-default\" data-id=\"e889fc3\" data-element_type=\"section\" data-settings=\"{&quot;background_background&quot;:&quot;classic&quot;}\">\n\t\t\t\t\t\t<div class=\"elementor-container elementor-column-gap-default\">\n\t\t\t\t\t<div class=\"elementor-column elementor-col-33 elementor-top-column elementor-element elementor-element-3c8f4a8\" data-id=\"3c8f4a8\" data-element_type=\"column\">\n\t\t\t<div class=\"elementor-widget-wrap\">\n\t\t\t\t\t\t\t<\/div>\n\t\t<\/div>\n\t\t\t\t<div class=\"elementor-column elementor-col-33 elementor-top-column elementor-element elementor-element-ebb2ba7\" data-id=\"ebb2ba7\" data-element_type=\"column\">\n\t\t\t<div class=\"elementor-widget-wrap elementor-element-populated\">\n\t\t\t\t\t\t<div class=\"elementor-element elementor-element-14b6458 elementor-widget elementor-widget-image\" data-id=\"14b6458\" data-element_type=\"widget\" data-widget_type=\"image.default\">\n\t\t\t\t<div class=\"elementor-widget-container\">\n\t\t\t\t\t\t\t\t\t\t\t\t\t\t\t<img decoding=\"async\" src=\"https:\/\/osteo-etiomedecine-33.fr\/wp-content\/uploads\/2021\/11\/quotes.svg\" class=\"attachment-full size-full wp-image-117\" alt=\"\" \/>\t\t\t\t\t\t\t\t\t\t\t\t\t\t\t<\/div>\n\t\t\t\t<\/div>\n\t\t\t\t<div class=\"elementor-element elementor-element-beb0353 elementor-widget elementor-widget-heading\" data-id=\"beb0353\" data-element_type=\"widget\" data-widget_type=\"heading.default\">\n\t\t\t\t<div class=\"elementor-widget-container\">\n\t\t\t\t\t<h4 class=\"elementor-heading-title elementor-size-default\">\u201cLove Nature has an amazing team of hard working professionals. It has been a pleasure to meet them.\u201d<\/h4>\t\t\t\t<\/div>\n\t\t\t\t<\/div>\n\t\t\t\t<div class=\"elementor-element elementor-element-4e74ae5 elementor-widget elementor-widget-image\" data-id=\"4e74ae5\" data-element_type=\"widget\" data-widget_type=\"image.default\">\n\t\t\t\t<div class=\"elementor-widget-container\">\n\t\t\t\t\t\t\t\t\t\t\t\t\t\t\t<img decoding=\"async\" width=\"128\" height=\"128\" src=\"https:\/\/osteo-etiomedecine-33.fr\/wp-content\/uploads\/2021\/11\/avatar_on_about.png\" class=\"attachment-full size-full wp-image-925\" alt=\"\" \/>\t\t\t\t\t\t\t\t\t\t\t\t\t\t\t<\/div>\n\t\t\t\t<\/div>\n\t\t\t\t<div class=\"elementor-element elementor-element-ec91cfa elementor-widget elementor-widget-text-editor\" data-id=\"ec91cfa\" data-element_type=\"widget\" data-widget_type=\"text-editor.default\">\n\t\t\t\t<div class=\"elementor-widget-container\">\n\t\t\t\t\t\t\t\t\t<p>Emily Davis<\/p>\t\t\t\t\t\t\t\t<\/div>\n\t\t\t\t<\/div>\n\t\t\t\t\t<\/div>\n\t\t<\/div>\n\t\t\t\t<div class=\"elementor-column elementor-col-33 elementor-top-column elementor-element elementor-element-9e16007\" data-id=\"9e16007\" data-element_type=\"column\">\n\t\t\t<div class=\"elementor-widget-wrap\">\n\t\t\t\t\t\t\t<\/div>\n\t\t<\/div>\n\t\t\t\t\t<\/div>\n\t\t<\/section>\n\t\t\t\t<\/div>\n\t\t","protected":false},"excerpt":{"rendered":"","protected":false},"author":0,"featured_media":0,"parent":0,"menu_order":0,"comment_status":"closed","ping_status":"closed","template":"","meta":{"om_disable_all_campaigns":false,"_monsterinsights_skip_tracking":false,"_monsterinsights_sitenote_active":false,"_monsterinsights_sitenote_note":"","_monsterinsights_sitenote_category":0,"site-sidebar-layout":"no-sidebar","site-content-layout":"page-builder","ast-site-content-layout":"","site-content-style":"default","site-sidebar-style":"default","ast-global-header-display":"","ast-banner-title-visibility":"","ast-main-header-display":"","ast-hfb-above-header-display":"","ast-hfb-below-header-display":"","ast-hfb-mobile-header-display":"","site-post-title":"disabled","ast-breadcrumbs-content":"","ast-featured-img":"disabled","footer-sml-layout":"","theme-transparent-header-meta":"enabled","adv-header-id-meta":"","stick-header-meta":"","header-above-stick-meta":"","header-main-stick-meta":"","header-below-stick-meta":"","astra-migrate-meta-layouts":"","ast-page-background-enabled":"default","ast-page-background-meta":{"desktop":{"background-color":"var(--ast-global-color-4)","background-image":"","background-repeat":"repeat","background-position":"center center","background-size":"auto","background-attachment":"scroll","background-type":"","background-media":"","overlay-type":"","overlay-color":"","overlay-gradient":""},"tablet":{"background-color":"","background-image":"","background-repeat":"repeat","background-position":"center center","background-size":"auto","background-attachment":"scroll","background-type":"","background-media":"","overlay-type":"","overlay-color":"","overlay-gradient":""},"mobile":{"background-color":"","background-image":"","background-repeat":"repeat","background-position":"center center","background-size":"auto","background-attachment":"scroll","background-type":"","background-media":"","overlay-type":"","overlay-color":"","overlay-gradient":""}},"ast-content-background-meta":{"desktop":{"background-color":"var(--ast-global-color-5)","background-image":"","background-repeat":"repeat","background-position":"center center","background-size":"auto","background-attachment":"scroll","background-type":"","background-media":"","overlay-type":"","overlay-color":"","overlay-gradient":""},"tablet":{"background-color":"var(--ast-global-color-5)","background-image":"","background-repeat":"repeat","background-position":"center center","background-size":"auto","background-attachment":"scroll","background-type":"","background-media":"","overlay-type":"","overlay-color":"","overlay-gradient":""},"mobile":{"background-color":"var(--ast-global-color-5)","background-image":"","background-repeat":"repeat","background-position":"center center","background-size":"auto","background-attachment":"scroll","background-type":"","background-media":"","overlay-type":"","overlay-color":"","overlay-gradient":""}},"footnotes":""},"yoast_head":"<!-- This site is optimized with the Yoast SEO plugin v24.5 - https:\/\/yoast.com\/wordpress\/plugins\/seo\/ -->\n<title>About - Ost\u00e9opathie Etiom\u00e9decine 33 Sophie Chareille<\/title>\n<meta name=\"description\" content=\"&quot;Sophie Chareille&quot; Ost\u00e9opathie Ost\u00e9opathe Etiom\u00e9decine Etiopathie Etiopathe Biganos Gironde &quot;Lac vert&quot;\" \/>\n<meta name=\"robots\" content=\"index, follow, max-snippet:-1, max-image-preview:large, max-video-preview:-1\" \/>\n<link rel=\"canonical\" href=\"https:\/\/osteo-etiomedecine-33.fr\/index.php\/about\/\" \/>\n<meta property=\"og:locale\" content=\"fr_FR\" \/>\n<meta property=\"og:type\" content=\"article\" \/>\n<meta property=\"og:title\" content=\"About - Ost\u00e9opathie Etiom\u00e9decine 33 Sophie Chareille\" \/>\n<meta property=\"og:description\" content=\"&quot;Sophie Chareille&quot; Ost\u00e9opathie Ost\u00e9opathe Etiom\u00e9decine Etiopathie Etiopathe Biganos Gironde &quot;Lac vert&quot;\" \/>\n<meta property=\"og:url\" content=\"https:\/\/osteo-etiomedecine-33.fr\/index.php\/about\/\" \/>\n<meta property=\"og:site_name\" content=\"Ost\u00e9opathie Etiom\u00e9decine 33 Sophie Chareille\" \/>\n<meta property=\"article:publisher\" content=\"https:\/\/www.facebook.com\/profile.php?id=61560084413036&amp;locale=fr_FR\" \/>\n<meta property=\"article:modified_time\" content=\"2022-11-07T21:23:31+00:00\" \/>\n<meta property=\"og:image\" content=\"https:\/\/osteo-etiomedecine-33.fr\/wp-content\/uploads\/2022\/11\/hd-wallpaper-4300222-1-scaled.jpg\" \/>\n\t<meta property=\"og:image:width\" content=\"2560\" \/>\n\t<meta property=\"og:image:height\" content=\"1706\" \/>\n\t<meta property=\"og:image:type\" content=\"image\/jpeg\" \/>\n<meta name=\"twitter:card\" content=\"summary_large_image\" \/>\n<meta name=\"twitter:label1\" content=\"Dur\u00e9e de lecture estim\u00e9e\" \/>\n\t<meta name=\"twitter:data1\" content=\"2 minutes\" \/>\n<script type=\"application\/ld+json\" class=\"yoast-schema-graph\">{\"@context\":\"https:\/\/schema.org\",\"@graph\":[{\"@type\":\"WebPage\",\"@id\":\"https:\/\/osteo-etiomedecine-33.fr\/index.php\/about\/\",\"url\":\"https:\/\/osteo-etiomedecine-33.fr\/index.php\/about\/\",\"name\":\"About - Ost\u00e9opathie Etiom\u00e9decine 33 Sophie Chareille\",\"isPartOf\":{\"@id\":\"https:\/\/osteo-etiomedecine-33.fr\/#website\"},\"datePublished\":\"2021-11-21T15:14:19+00:00\",\"dateModified\":\"2022-11-07T21:23:31+00:00\",\"description\":\"\\\"Sophie Chareille\\\" Ost\u00e9opathie Ost\u00e9opathe Etiom\u00e9decine Etiopathie Etiopathe Biganos Gironde \\\"Lac vert\\\"\",\"breadcrumb\":{\"@id\":\"https:\/\/osteo-etiomedecine-33.fr\/index.php\/about\/#breadcrumb\"},\"inLanguage\":\"fr-FR\",\"potentialAction\":[{\"@type\":\"ReadAction\",\"target\":[\"https:\/\/osteo-etiomedecine-33.fr\/index.php\/about\/\"]}]},{\"@type\":\"BreadcrumbList\",\"@id\":\"https:\/\/osteo-etiomedecine-33.fr\/index.php\/about\/#breadcrumb\",\"itemListElement\":[{\"@type\":\"ListItem\",\"position\":1,\"name\":\"Home\",\"item\":\"https:\/\/osteo-etiomedecine-33.fr\/\"},{\"@type\":\"ListItem\",\"position\":2,\"name\":\"About\"}]},{\"@type\":\"WebSite\",\"@id\":\"https:\/\/osteo-etiomedecine-33.fr\/#website\",\"url\":\"https:\/\/osteo-etiomedecine-33.fr\/\",\"name\":\"osteo-etiomedecine-33.fr\",\"description\":\"Sophie Chareille ost\u00e9opathie \u00e9tiom\u00e9decine \u00e0 Biganos\",\"publisher\":{\"@id\":\"https:\/\/osteo-etiomedecine-33.fr\/#\/schema\/person\/679ba26336b5a75e572dac773c92558c\"},\"potentialAction\":[{\"@type\":\"SearchAction\",\"target\":{\"@type\":\"EntryPoint\",\"urlTemplate\":\"https:\/\/osteo-etiomedecine-33.fr\/?s={search_term_string}\"},\"query-input\":{\"@type\":\"PropertyValueSpecification\",\"valueRequired\":true,\"valueName\":\"search_term_string\"}}],\"inLanguage\":\"fr-FR\"},{\"@type\":[\"Person\",\"Organization\"],\"@id\":\"https:\/\/osteo-etiomedecine-33.fr\/#\/schema\/person\/679ba26336b5a75e572dac773c92558c\",\"name\":\"sophie.chareille@orange.fr\",\"image\":{\"@type\":\"ImageObject\",\"inLanguage\":\"fr-FR\",\"@id\":\"https:\/\/osteo-etiomedecine-33.fr\/#\/schema\/person\/image\/\",\"url\":\"https:\/\/osteo-etiomedecine-33.fr\/wp-content\/uploads\/2022\/11\/ProfilePictureMaker-1.png\",\"contentUrl\":\"https:\/\/osteo-etiomedecine-33.fr\/wp-content\/uploads\/2022\/11\/ProfilePictureMaker-1.png\",\"width\":1080,\"height\":1080,\"caption\":\"sophie.chareille@orange.fr\"},\"logo\":{\"@id\":\"https:\/\/osteo-etiomedecine-33.fr\/#\/schema\/person\/image\/\"},\"sameAs\":[\"http:\/\/osteo-etiomedecine-33.fr\",\"https:\/\/www.facebook.com\/profile.php?id=61560084413036&locale=fr_FR\"]}]}<\/script>\n<!-- \/ Yoast SEO plugin. -->","yoast_head_json":{"title":"About - Ost\u00e9opathie Etiom\u00e9decine 33 Sophie Chareille","description":"\"Sophie Chareille\" Ost\u00e9opathie Ost\u00e9opathe Etiom\u00e9decine Etiopathie Etiopathe Biganos Gironde \"Lac vert\"","robots":{"index":"index","follow":"follow","max-snippet":"max-snippet:-1","max-image-preview":"max-image-preview:large","max-video-preview":"max-video-preview:-1"},"canonical":"https:\/\/osteo-etiomedecine-33.fr\/index.php\/about\/","og_locale":"fr_FR","og_type":"article","og_title":"About - Ost\u00e9opathie Etiom\u00e9decine 33 Sophie Chareille","og_description":"\"Sophie Chareille\" Ost\u00e9opathie Ost\u00e9opathe Etiom\u00e9decine Etiopathie Etiopathe Biganos Gironde \"Lac vert\"","og_url":"https:\/\/osteo-etiomedecine-33.fr\/index.php\/about\/","og_site_name":"Ost\u00e9opathie Etiom\u00e9decine 33 Sophie Chareille","article_publisher":"https:\/\/www.facebook.com\/profile.php?id=61560084413036&locale=fr_FR","article_modified_time":"2022-11-07T21:23:31+00:00","og_image":[{"width":2560,"height":1706,"url":"https:\/\/osteo-etiomedecine-33.fr\/wp-content\/uploads\/2022\/11\/hd-wallpaper-4300222-1-scaled.jpg","type":"image\/jpeg"}],"twitter_card":"summary_large_image","twitter_misc":{"Dur\u00e9e de lecture estim\u00e9e":"2 minutes"},"schema":{"@context":"https:\/\/schema.org","@graph":[{"@type":"WebPage","@id":"https:\/\/osteo-etiomedecine-33.fr\/index.php\/about\/","url":"https:\/\/osteo-etiomedecine-33.fr\/index.php\/about\/","name":"About - Ost\u00e9opathie Etiom\u00e9decine 33 Sophie Chareille","isPartOf":{"@id":"https:\/\/osteo-etiomedecine-33.fr\/#website"},"datePublished":"2021-11-21T15:14:19+00:00","dateModified":"2022-11-07T21:23:31+00:00","description":"\"Sophie Chareille\" Ost\u00e9opathie Ost\u00e9opathe Etiom\u00e9decine Etiopathie Etiopathe Biganos Gironde \"Lac vert\"","breadcrumb":{"@id":"https:\/\/osteo-etiomedecine-33.fr\/index.php\/about\/#breadcrumb"},"inLanguage":"fr-FR","potentialAction":[{"@type":"ReadAction","target":["https:\/\/osteo-etiomedecine-33.fr\/index.php\/about\/"]}]},{"@type":"BreadcrumbList","@id":"https:\/\/osteo-etiomedecine-33.fr\/index.php\/about\/#breadcrumb","itemListElement":[{"@type":"ListItem","position":1,"name":"Home","item":"https:\/\/osteo-etiomedecine-33.fr\/"},{"@type":"ListItem","position":2,"name":"About"}]},{"@type":"WebSite","@id":"https:\/\/osteo-etiomedecine-33.fr\/#website","url":"https:\/\/osteo-etiomedecine-33.fr\/","name":"osteo-etiomedecine-33.fr","description":"Sophie Chareille ost\u00e9opathie \u00e9tiom\u00e9decine \u00e0 Biganos","publisher":{"@id":"https:\/\/osteo-etiomedecine-33.fr\/#\/schema\/person\/679ba26336b5a75e572dac773c92558c"},"potentialAction":[{"@type":"SearchAction","target":{"@type":"EntryPoint","urlTemplate":"https:\/\/osteo-etiomedecine-33.fr\/?s={search_term_string}"},"query-input":{"@type":"PropertyValueSpecification","valueRequired":true,"valueName":"search_term_string"}}],"inLanguage":"fr-FR"},{"@type":["Person","Organization"],"@id":"https:\/\/osteo-etiomedecine-33.fr\/#\/schema\/person\/679ba26336b5a75e572dac773c92558c","name":"sophie.chareille@orange.fr","image":{"@type":"ImageObject","inLanguage":"fr-FR","@id":"https:\/\/osteo-etiomedecine-33.fr\/#\/schema\/person\/image\/","url":"https:\/\/osteo-etiomedecine-33.fr\/wp-content\/uploads\/2022\/11\/ProfilePictureMaker-1.png","contentUrl":"https:\/\/osteo-etiomedecine-33.fr\/wp-content\/uploads\/2022\/11\/ProfilePictureMaker-1.png","width":1080,"height":1080,"caption":"sophie.chareille@orange.fr"},"logo":{"@id":"https:\/\/osteo-etiomedecine-33.fr\/#\/schema\/person\/image\/"},"sameAs":["http:\/\/osteo-etiomedecine-33.fr","https:\/\/www.facebook.com\/profile.php?id=61560084413036&locale=fr_FR"]}]}},"_links":{"self":[{"href":"https:\/\/osteo-etiomedecine-33.fr\/index.php\/wp-json\/wp\/v2\/pages\/14"}],"collection":[{"href":"https:\/\/osteo-etiomedecine-33.fr\/index.php\/wp-json\/wp\/v2\/pages"}],"about":[{"href":"https:\/\/osteo-etiomedecine-33.fr\/index.php\/wp-json\/wp\/v2\/types\/page"}],"replies":[{"embeddable":true,"href":"https:\/\/osteo-etiomedecine-33.fr\/index.php\/wp-json\/wp\/v2\/comments?post=14"}],"version-history":[{"count":1,"href":"https:\/\/osteo-etiomedecine-33.fr\/index.php\/wp-json\/wp\/v2\/pages\/14\/revisions"}],"predecessor-version":[{"id":1322,"href":"https:\/\/osteo-etiomedecine-33.fr\/index.php\/wp-json\/wp\/v2\/pages\/14\/revisions\/1322"}],"wp:attachment":[{"href":"https:\/\/osteo-etiomedecine-33.fr\/index.php\/wp-json\/wp\/v2\/media?parent=14"}],"curies":[{"name":"wp","href":"https:\/\/api.w.org\/{rel}","templated":true}]}}